{"id":3631,"date":"2025-10-01T12:43:27","date_gmt":"2025-10-01T12:43:27","guid":{"rendered":"https:\/\/aktiivinenelama.fi\/?page_id=3631"},"modified":"2026-03-24T12:19:07","modified_gmt":"2026-03-24T10:19:07","slug":"varaa-aika","status":"publish","type":"page","link":"https:\/\/aktiivinenelama.fi\/ru\/varaa-aika\/","title":{"rendered":"\u0417\u0430\u043f\u0438\u0441\u0430\u0442\u044c\u0441\u044f \u043d\u0430 \u043f\u0440\u0438\u0435\u043c"},"content":{"rendered":"<div class=\"wp-block-greenshift-blocks-container gspb_container gspb_container-gsbp-a457313\" id=\"gspb_container-id-gsbp-a457313\">\n<div class=\"wp-block-greenshift-blocks-row gspb_row gspb_row-id-gsbp-90154a7\" id=\"gspb_row-id-gsbp-90154a7\"><div class=\"gspb_row__content\"> \n<div class=\"wp-block-greenshift-blocks-row-column gspb_row__col--6 gspb_col-id-gsbp-c4166ca\" id=\"gspb_col-id-gsbp-c4166ca\">\n<div class=\"wp-block-stackable-heading stk-block-heading stk-block-heading--v2 stk-block stk-c79dadd\" id=\"varaa-aika-hierontaan\" data-block-id=\"c79dadd\"><style>.stk-c79dadd .stk-block-heading__text{font-size:var(--stk--preset--font-size--x-large, 50px) !important;color:var(--theme-palette-color-4, #1E262E) !important;}@media screen and (max-width:999px){.stk-c79dadd .stk-block-heading__text{font-size:var(--stk--preset--font-size--x-large, 50px) !important;}}<\/style><h1 class=\"stk-block-heading__text has-text-color\">\u0417\u0430\u043f\u0438\u0448\u0438\u0442\u0435\u0441\u044c \u043d\u0430 \u043c\u0430\u0441\u0441\u0430\u0436<\/h1><\/div>\n<\/div>\n\n\n\n<div class=\"wp-block-greenshift-blocks-row-column gspb_row__col--6 gspb_col-id-gsbp-d30a80f\" id=\"gspb_col-id-gsbp-d30a80f\"><\/div>\n <\/div><\/div>\n<\/div>\n\n\n\n<div class=\"wp-block-greenshift-blocks-container gspb_container gspb_container-gsbp-391cf39\" id=\"gspb_container-id-gsbp-391cf39\">\n<div class=\"wp-block-greenshift-blocks-row gspb_row gspb_row-id-gsbp-20c0587\" id=\"gspb_row-id-gsbp-20c0587\">\n<div class=\"wp-block-greenshift-blocks-row-column gspb_row__col--8 gspb_row__col--md-12 gspb_col-id-gsbp-a65c4df\" id=\"gspb_col-id-gsbp-a65c4df\">\n<p class=\"has-palette-color-3-color has-text-color has-link-color wp-elements-8a6c9c8897f1da85c31f98e956ef7a68\">Valitse ensin palvelukategoria ja sen j\u00e4lkeen haluamasi palvelu keston mukaan. <\/p>\n\n\n\n<p class=\"has-palette-color-3-color has-text-color has-link-color wp-elements-af353ae1bbe2119f2fc6f7b2772e2b02\">Voit my\u00f6s rajata hakua valitsemalla sopivan p\u00e4iv\u00e4m\u00e4\u00e4r\u00e4n tai viikonp\u00e4iv\u00e4n. <\/p>\n\n\n\n<p class=\"has-palette-color-3-color has-text-color has-link-color wp-elements-c46ec0852eb8172cca7641115c8532ef\">Kun olet valmis, paina &#8221;&gt;&gt;&#8221;.<\/p>\n\n\n\n<p>Voit valita lis\u00e4palvelut hoidon yhteydess\u00e4 ja paina &#8221;Seuraava&#8221;.<\/p>\n\n\n\n<p>Valitse sopiva aika ja j\u00e4t\u00e4 yhteystietosi. Paina  &#8221;Seuraava&#8221;.<\/p>\n\n\n\n<p>\u0412\u044b \u043f\u043e\u043b\u0443\u0447\u0438\u0442\u0435 \u043f\u043e\u0434\u0442\u0432\u0435\u0440\u0436\u0434\u0435\u043d\u0438\u0435 \u0431\u0440\u043e\u043d\u0438\u0440\u043e\u0432\u0430\u043d\u0438\u044f \u043f\u043e \u044d\u043b\u0435\u043a\u0442\u0440\u043e\u043d\u043d\u043e\u0439 \u043f\u043e\u0447\u0442\u0435.<\/p>\n<\/div>\n\n\n\n<div class=\"wp-block-greenshift-blocks-row-column gspb_row__col--4 gspb_row__col--md-12 gspb_col-id-gsbp-b6cd689\" id=\"gspb_col-id-gsbp-b6cd689\"><\/div>\n<\/div>\n<\/div>\n\n\n\n<div class=\"wp-block-greenshift-blocks-container gspb_container gspb_container-gsbp-d64eb9d\" id=\"gspb_container-id-gsbp-d64eb9d\">\n<div class=\"wp-block-greenshift-blocks-row gspb_row gspb_row-id-gsbp-c56c64d\" id=\"gspb_row-id-gsbp-c56c64d\"><div class=\"gspb_row__content\"> \n\n\n<div class=\"wp-block-greenshift-blocks-row-column gspb_row__col--4 gspb_row__col--md-12 gspb_row__col--xs-12 gspb_col-id-gsbp-2ff87f5\" id=\"gspb_col-id-gsbp-2ff87f5\"><\/div>\n <\/div><\/div>\n<\/div>\n\n\n\n<div class=\"wp-block-stackable-spacer stk-block-spacer stk--no-padding stk-block stk-9613e4b\" data-block-id=\"9613e4b\"><style>.stk-9613e4b {height:50px !important;}@media screen and (max-width:999px){.stk-9613e4b {height:30px !important;}}<\/style><\/div>\n\n\n\n<div class=\"wp-block-greenshift-blocks-container gspb_container gspb_container-gsbp-0435928\" id=\"gspb_container-id-gsbp-0435928\">\n<div class=\"wp-block-greenshift-blocks-row gspb_row gspb_row-id-gsbp-61b6faa\" id=\"gspb_row-id-gsbp-61b6faa\">\n<div class=\"wp-block-greenshift-blocks-row-column gspb_row__col--8 gspb_row__col--md-12 gspb_col-id-gsbp-29536e2\" id=\"gspb_col-id-gsbp-29536e2\">\n<div class=\"wp-block-stackable-divider stk-block-divider has-text-align-center stk-block stk-c6afb9a\" data-block-id=\"c6afb9a\"><style>.stk-c6afb9a hr.stk-block-divider__hr{background:var(--theme-palette-color-9, rgba(0, 0, 0, 0.11)) !important;width:100% !important;}.stk-c6afb9a {box-shadow:none !important;margin-bottom:50px !important;}<\/style><hr class=\"stk-block-divider__hr\"\/><\/div>\n\n\n\n<div class=\"wp-block-stackable-text stk-block-text stk-block stk-515670b\" data-block-id=\"515670b\"><style>.stk-515670b {margin-bottom:10px !important;}.stk-515670b .stk-block-text__text{color:var(--theme-palette-color-4, #1E262E) !important;}<\/style><p class=\"stk-block-text__text has-text-color\">\u0415\u0441\u043b\u0438 \u0432\u044b \u043d\u0435 \u0443\u0432\u0435\u0440\u0435\u043d\u044b, \u043a\u0430\u043a\u0443\u044e \u043f\u0440\u043e\u0446\u0435\u0434\u0443\u0440\u0443 \u0432\u044b\u0431\u0440\u0430\u0442\u044c - \u0437\u0430\u043a\u0430\u0436\u0438\u0442\u0435 \u043a\u043b\u0430\u0441\u0441\u0438\u0447\u0435\u0441\u043a\u0438\u0439 \u043c\u0430\u0441\u0441\u0430\u0436 60 \u043c\u0438\u043d.<\/p><\/div>\n\n\n\n<p class=\"has-palette-color-3-color has-text-color has-link-color wp-elements-f011080dcb8a9c0e7e24a5cf3831f4b8\">\u0417\u0430\u0447\u0430\u0441\u0442\u0443\u044e \u0442\u0440\u0443\u0434\u043d\u043e \u0437\u0430\u0440\u0430\u043d\u0435\u0435 \u043e\u043f\u0440\u0435\u0434\u0435\u043b\u0438\u0442\u044c, \u043a\u0430\u043a\u043e\u0439 \u043c\u0435\u0442\u043e\u0434 \u043b\u0435\u0447\u0435\u043d\u0438\u044f \u043b\u0443\u0447\u0448\u0435 \u0432\u0441\u0435\u0433\u043e \u043f\u043e\u0434\u043e\u0439\u0434\u0435\u0442 \u0434\u043b\u044f \u0440\u0435\u0448\u0435\u043d\u0438\u044f \u0432\u0430\u0448\u0438\u0445 \u0442\u0435\u043a\u0443\u0449\u0438\u0445 \u0437\u0430\u0434\u0430\u0447. \u041d\u0435 \u0432\u043e\u043b\u043d\u0443\u0439\u0442\u0435\u0441\u044c - \u0437\u0430\u043f\u0438\u0448\u0438\u0442\u0435\u0441\u044c \u043d\u0430 \u043f\u0440\u0438\u0435\u043c <strong>60-\u043c\u0438\u043d\u0443\u0442\u043d\u044b\u0439 \u043a\u043b\u0430\u0441\u0441\u0438\u0447\u0435\u0441\u043a\u0438\u0439 \u043c\u0430\u0441\u0441\u0430\u0436<\/strong> \u0430 \u043e\u0441\u0442\u0430\u043b\u044c\u043d\u043e\u0435 \u043c\u044b \u0441\u0434\u0435\u043b\u0430\u0435\u043c \u0432\u043c\u0435\u0441\u0442\u0435.<\/p>\n\n\n\n<p class=\"has-palette-color-3-color has-text-color has-link-color wp-elements-1bf2d1eacf54e11e9da1dda68eb376cd\"><strong>\u0427\u0442\u043e \u043f\u0440\u043e\u0438\u0441\u0445\u043e\u0434\u0438\u0442 \u0432\u043e \u0432\u0440\u0435\u043c\u044f \u043f\u0435\u0440\u0432\u043e\u0433\u043e \u0432\u0438\u0437\u0438\u0442\u0430?<\/strong><\/p>\n\n\n\n<ul class=\"wp-block-list\" data-block-type=\"core\">\n<li class=\"has-palette-color-3-color has-text-color has-link-color wp-elements-95126691cfcb237ce7947e19a45adf19\" data-block-type=\"core\"><strong>\u041f\u0435\u0440\u0432\u043e\u043d\u0430\u0447\u0430\u043b\u044c\u043d\u043e\u0435 \u043a\u0430\u0440\u0442\u0438\u0440\u043e\u0432\u0430\u043d\u0438\u0435 \u0438 \u0442\u0435\u0441\u0442\u0438\u0440\u043e\u0432\u0430\u043d\u0438\u0435:<\/strong> \u041c\u044b \u0440\u0430\u0437\u0431\u0435\u0440\u0435\u043c \u0432\u0430\u0448\u0443 \u0441\u0438\u0442\u0443\u0430\u0446\u0438\u044e, \u0438 \u044f \u043f\u0440\u043e\u0432\u0435\u0434\u0443 \u043d\u0435\u043e\u0431\u0445\u043e\u0434\u0438\u043c\u044b\u0435 \u043c\u044b\u0448\u0435\u0447\u043d\u044b\u0435 \u0442\u0435\u0441\u0442\u044b, \u0447\u0442\u043e\u0431\u044b \u0432\u044b\u044f\u0432\u0438\u0442\u044c \u043f\u0440\u0438\u0447\u0438\u043d\u044b \u043d\u0430\u043f\u0440\u044f\u0436\u0435\u043d\u0438\u044f.<\/li>\n\n\n\n<li class=\"has-palette-color-3-color has-text-color has-link-color wp-elements-5116e60bc0104af75ab859b7bd4e93f6\" data-block-type=\"core\"><strong>\u041f\u043b\u0430\u043d \u0443\u0445\u043e\u0434\u0430:<\/strong> \u0414\u0430\u0432\u0430\u0439\u0442\u0435 \u0441\u043e\u0441\u0442\u0430\u0432\u0438\u043c \u0438\u043d\u0434\u0438\u0432\u0438\u0434\u0443\u0430\u043b\u044c\u043d\u044b\u0439 \u043f\u043b\u0430\u043d, \u043a\u043e\u0442\u043e\u0440\u044b\u0439 \u0431\u0443\u0434\u0435\u0442 \u043d\u0430\u0438\u043b\u0443\u0447\u0448\u0438\u043c \u043e\u0431\u0440\u0430\u0437\u043e\u043c \u0441\u043f\u043e\u0441\u043e\u0431\u0441\u0442\u0432\u043e\u0432\u0430\u0442\u044c \u0432\u0430\u0448\u0435\u043c\u0443 \u0431\u043b\u0430\u0433\u043e\u043f\u043e\u043b\u0443\u0447\u0438\u044e.<\/li>\n\n\n\n<li class=\"has-palette-color-3-color has-text-color has-link-color wp-elements-6db3df53b0e4798cf2f761d153f6306e\" data-block-type=\"core\"><strong>\u041d\u0430\u0447\u043d\u0438\u0442\u0435 \u043c\u0430\u0441\u0441\u0430\u0436:<\/strong> \u041c\u044b \u043d\u0430\u0447\u0438\u043d\u0430\u0435\u043c \u043e\u0431\u0440\u0430\u0431\u043e\u0442\u043a\u0443 \u0441 \u043f\u0435\u0440\u0432\u043e\u0433\u043e \u0440\u0430\u0437\u0430, \u043e\u0441\u043d\u043e\u0432\u044b\u0432\u0430\u044f\u0441\u044c \u043d\u0430 \u0440\u0435\u0437\u0443\u043b\u044c\u0442\u0430\u0442\u0430\u0445 \u0442\u0435\u0441\u0442\u043e\u0432.<\/li>\n\n\n\n<li class=\"has-palette-color-3-color has-text-color has-link-color wp-elements-bbac40586e79bf9fc42fa1e41006635f\" data-block-type=\"core\"><strong>\u0420\u0435\u043a\u043e\u043c\u0435\u043d\u0434\u0430\u0446\u0438\u0438 \u043f\u043e \u0443\u0445\u043e\u0434\u0443 \u043d\u0430 \u0434\u043e\u043c\u0443:<\/strong> \u0412 \u043a\u043e\u043d\u0446\u0435 \u0437\u0430\u043d\u044f\u0442\u0438\u044f \u0432\u044b \u043f\u043e\u043b\u0443\u0447\u0438\u0442\u0435 \u0441\u043e\u0432\u0435\u0442\u044b \u0438 \u0440\u0435\u043a\u043e\u043c\u0435\u043d\u0434\u0430\u0446\u0438\u0438 \u043d\u0430 \u0431\u0443\u0434\u0443\u0449\u0435\u0435.<\/li>\n<\/ul>\n\n\n\n<p class=\"has-palette-color-3-color has-text-color has-link-color wp-elements-707cd6be3d95db0835a84730d5203373\">\u041f\u0440\u0438\u0445\u043e\u0434\u0438\u0442\u0435 \u0442\u0430\u043a\u0438\u043c\u0438, \u043a\u0430\u043a\u0438\u0435 \u0432\u044b \u0435\u0441\u0442\u044c, \u0438 \u0432\u043c\u0435\u0441\u0442\u0435 \u043c\u044b \u043f\u043e\u0441\u043c\u043e\u0442\u0440\u0438\u043c, \u043a\u0430\u043a \u043f\u0440\u0438\u0432\u0435\u0441\u0442\u0438 \u0432\u0430\u0448\u0435 \u0442\u0435\u043b\u043e \u0432 \u043d\u0430\u0438\u043b\u0443\u0447\u0448\u0443\u044e \u0444\u043e\u0440\u043c\u0443!<\/p>\n\n\n<\/div>\n\n\n\n<div class=\"wp-block-greenshift-blocks-row-column gspb_row__col--4 gspb_row__col--md-12 gspb_col-id-gsbp-a6ec962\" id=\"gspb_col-id-gsbp-a6ec962\"><\/div>\n<\/div>\n<\/div>\n\n\n\n<p><\/p>","protected":false},"excerpt":{"rendered":"","protected":false},"author":1,"featured_media":0,"parent":0,"menu_order":0,"comment_status":"closed","ping_status":"closed","template":"","meta":{"_gspb_post_css":".gspb_container-id-gsbp-a457313{flex-direction:column;box-sizing:border-box}#gspb_container-id-gsbp-0435928.gspb_container>p:last-of-type,#gspb_container-id-gsbp-391cf39.gspb_container>p:last-of-type,#gspb_container-id-gsbp-a457313.gspb_container>p:last-of-type,#gspb_container-id-gsbp-d64eb9d.gspb_container>p:last-of-type{margin-bottom:0}#gspb_container-id-gsbp-a457313.gspb_container,div[id^=gspb_col-id]{position:relative;box-sizing:border-box}#gspb_row-id-gsbp-20c0587,#gspb_row-id-gsbp-90154a7{justify-content:space-between;margin-top:0;margin-bottom:0;display:flex;flex-wrap:wrap}#gspb_row-id-gsbp-90154a7>.gspb_row__content{display:flex;justify-content:space-between;margin:0 auto;width:100%;flex-wrap:wrap}div[id^=gspb_col-id]{padding:var(--gs-row-column-padding, 15px min(3vw, 20px))}body.gspb-bodyfront #gspb_row-id-gsbp-90154a7>.gspb_row__content{width:var(--theme-container-width, 1200px);max-width:var(--theme-normal-container-max-width, 1200px)}#gspb_col-id-gsbp-c4166ca.gspb_row__col--6{width:50%}@media (max-width:575.98px){#gspb_col-id-gsbp-c4166ca.gspb_row__col--6{width:100%}}@media (min-width:992px){body.gspb-bodyfront #gspb_col-id-gsbp-c4166ca.gspb_row__col--6{width:calc(66% - 0px - 0px)}}#gspb_row-id-gsbp-20c0587,.gspb_row #gspb_col-id-gsbp-c4166ca.gspb_row__col--6{margin-left:0}@media (max-width:575.98px){.gspb_row #gspb_col-id-gsbp-c4166ca.gspb_row__col--6{margin-left:0}}#gspb_col-id-gsbp-d30a80f.gspb_row__col--6{width:50%}@media (max-width:575.98px){#gspb_col-id-gsbp-d30a80f.gspb_row__col--6{width:100%}}@media (min-width:992px){body.gspb-bodyfront #gspb_col-id-gsbp-d30a80f.gspb_row__col--6{width:calc(33% - 0px - 0px)}}@media (min-width:576px) and (max-width:991.98px){body.gspb-bodyfront #gspb_col-id-gsbp-d30a80f.gspb_row__col--6{width:calc(0% - 0px - 0px)}}.gspb_container-id-gsbp-391cf39{flex-direction:column;box-sizing:border-box}#gspb_container-id-gsbp-391cf39.gspb_container{position:relative;box-sizing:border-box}#gspb_row-id-gsbp-20c0587>.gspb_row__content{display:flex;justify-content:space-between;margin:0 auto;width:100%;flex-wrap:wrap}@media (max-width:575.98px){#gspb_row-id-gsbp-20c0587{margin-left:0}}#gspb_col-id-gsbp-a65c4df.gspb_row__col--8{width:66.66666666666667%}@media (max-width:991.98px){#gspb_col-id-gsbp-a65c4df.gspb_row__col--8{width:100%}}@media (max-width:575.98px){#gspb_col-id-gsbp-a65c4df.gspb_row__col--8{width:100%}}#gspb_col-id-gsbp-b6cd689.gspb_row__col--4{width:33.333333333333336%}@media (max-width:991.98px){#gspb_col-id-gsbp-b6cd689.gspb_row__col--4{width:100%}}@media (max-width:575.98px){#gspb_col-id-gsbp-b6cd689.gspb_row__col--4{width:100%}}#gspb_container-id-gsbp-d64eb9d.gspb_container{position:relative;margin-left:30px}@media (max-width:575.98px){#gspb_container-id-gsbp-d64eb9d.gspb_container{margin-left:0}}#gspb_container-id-gsbp-d64eb9d.gspb_container{box-sizing:border-box}#gspb_row-id-gsbp-61b6faa,#gspb_row-id-gsbp-c56c64d{justify-content:space-between;margin-top:0;margin-bottom:0;display:flex;flex-wrap:wrap}#gspb_row-id-gsbp-c56c64d>.gspb_row__content{display:flex;justify-content:space-between;margin:0 auto;width:100%;flex-wrap:wrap}body.gspb-bodyfront #gspb_row-id-gsbp-c56c64d>.gspb_row__content{width:var(--theme-container-width, 1200px);max-width:var(--theme-normal-container-max-width, 1200px)}#gspb_col-id-gsbp-2ff87f5.gspb_row__col--4{width:33.333333333333336%}@media (max-width:991.98px){#gspb_col-id-gsbp-2ff87f5.gspb_row__col--4{width:100%}}@media (max-width:575.98px){#gspb_col-id-gsbp-2ff87f5.gspb_row__col--4{width:100%}}.gspb_container-id-gsbp-0435928,.gspb_container-id-gsbp-d64eb9d{flex-direction:column;box-sizing:border-box}#gspb_container-id-gsbp-0435928.gspb_container{position:relative;box-sizing:border-box}#gspb_row-id-gsbp-61b6faa>.gspb_row__content{display:flex;justify-content:space-between;margin:0 auto;width:100%;flex-wrap:wrap}.gspb_row{position:relative}#gspb_row-id-gsbp-61b6faa{margin-left:0}@media (max-width:991.98px){#gspb_row-id-gsbp-61b6faa{margin-left:0}}@media (max-width:575.98px){#gspb_row-id-gsbp-61b6faa{margin-left:0}}#gspb_col-id-gsbp-29536e2.gspb_row__col--8{width:66.66666666666667%}@media (max-width:991.98px){#gspb_col-id-gsbp-29536e2.gspb_row__col--8{width:100%}}@media (max-width:575.98px){#gspb_col-id-gsbp-29536e2.gspb_row__col--8{width:100%}}#gspb_col-id-gsbp-a6ec962.gspb_row__col--4{width:33.333333333333336%}@media (max-width:991.98px){#gspb_col-id-gsbp-a6ec962.gspb_row__col--4{width:100%}}@media (max-width:575.98px){#gspb_col-id-gsbp-a6ec962.gspb_row__col--4{width:100%}}#gspb_col-id-gsbp-dfa04a8.gspb_row__col--8{width:66.66666666666667%}@media (max-width:991.98px){#gspb_col-id-gsbp-dfa04a8.gspb_row__col--8{width:100%}}@media (max-width:575.98px){#gspb_col-id-gsbp-dfa04a8.gspb_row__col--8{width:100%}}#gspb_col-id-gsbp-dfa04a8.gspb_row__col--8{background-color:var(--wp--preset--color--palette-color-6, var(--theme-palette-color-6, #fff7ef))}@media (max-width:991.98px){#gspb_col-id-gsbp-dfa04a8.gspb_row__col--8{background-color:var(--wp--preset--color--palette-color-6, var(--theme-palette-color-6, #fff7ef))}}@media (max-width:767.98px){#gspb_col-id-gsbp-dfa04a8.gspb_row__col--8{background-color:var(--wp--preset--color--palette-color-6, var(--theme-palette-color-6, #fff7ef))}}@media (max-width:575.98px){#gspb_col-id-gsbp-dfa04a8.gspb_row__col--8{background-color:var(--wp--preset--color--palette-color-6, var(--theme-palette-color-6, #fff7ef))}}#gspb_col-id-gsbp-dfa04a8.gspb_row__col--8{box-shadow:0 5px 23px 0 #bdd0db33;border-style:solid;border-width:1px;border-color:var(--wp--preset--color--border, #00000012)}#gspb_col-id-gsbp-dfa04a8.gspb_row__col--8,#gspb_col-id-gsbp-dfa04a8.gspb_row__col--8>.gspb_backgroundOverlay{border-top-left-radius:5px;border-top-right-radius:5px;border-bottom-right-radius:5px;border-bottom-left-radius:5px}","footnotes":""},"class_list":["post-3631","page","type-page","status-publish","hentry"],"blocksy_meta":{"has_hero_section":"disabled","styles_descriptor":{"styles":{"desktop":"","tablet":"","mobile":""},"google_fonts":[],"version":6}},"_links":{"self":[{"href":"https:\/\/aktiivinenelama.fi\/ru\/wp-json\/wp\/v2\/pages\/3631","targetHints":{"allow":["GET"]}}],"collection":[{"href":"https:\/\/aktiivinenelama.fi\/ru\/wp-json\/wp\/v2\/pages"}],"about":[{"href":"https:\/\/aktiivinenelama.fi\/ru\/wp-json\/wp\/v2\/types\/page"}],"author":[{"embeddable":true,"href":"https:\/\/aktiivinenelama.fi\/ru\/wp-json\/wp\/v2\/users\/1"}],"replies":[{"embeddable":true,"href":"https:\/\/aktiivinenelama.fi\/ru\/wp-json\/wp\/v2\/comments?post=3631"}],"version-history":[{"count":94,"href":"https:\/\/aktiivinenelama.fi\/ru\/wp-json\/wp\/v2\/pages\/3631\/revisions"}],"predecessor-version":[{"id":4536,"href":"https:\/\/aktiivinenelama.fi\/ru\/wp-json\/wp\/v2\/pages\/3631\/revisions\/4536"}],"wp:attachment":[{"href":"https:\/\/aktiivinenelama.fi\/ru\/wp-json\/wp\/v2\/media?parent=3631"}],"curies":[{"name":"wp","href":"https:\/\/api.w.org\/{rel}","templated":true}]}}