{"id":3961,"date":"2025-10-26T15:40:38","date_gmt":"2025-10-26T15:40:38","guid":{"rendered":"https:\/\/aktiivinenelama.fi\/?page_id=3961"},"modified":"2026-02-07T17:47:22","modified_gmt":"2026-02-07T15:47:22","slug":"cookies-kaytanto","status":"publish","type":"page","link":"https:\/\/aktiivinenelama.fi\/ru\/cookies-kaytanto\/","title":{"rendered":"Ev\u00e4stek\u00e4yt\u00e4nt\u00f6 (Cookies-k\u00e4yt\u00e4nt\u00f6)"},"content":{"rendered":"<p>T\u00e4ll\u00e4 sivulla kerromme, miten <strong>Hieronta ja manuaaliterapia&nbsp;\u2013 Koulutettu hieroja&nbsp;Nina&nbsp;Khotenova<\/strong> k\u00e4ytt\u00e4\u00e4 ev\u00e4steit\u00e4 (cookies) verkkosivustollaan <a href=\"https:\/\/aktiivinenelama.fi\">https:\/\/aktiivinenelama.fi<\/a>. Ev\u00e4steet ovat pieni\u00e4 tekstitiedostoja, jotka selain tallentaa p\u00e4\u00e4telaitteellesi, kun vierailet verkkosivustolla. Niiden avulla voimme tarjota toimivan ja turvallisen sivuston, parantaa k\u00e4ytt\u00f6kokemusta ja tuottaa tilastotietoa palvelun kehitt\u00e4miseksi.<\/p>\n\n\n\n<h2 class=\"wp-block-heading\" id=\"miksi-kaytamme-evasteita\" data-block-type=\"core\">Miksi k\u00e4yt\u00e4mme ev\u00e4steit\u00e4?<\/h2>\n\n\n\n<ol class=\"wp-block-list\" data-block-type=\"core\">\n<li data-block-type=\"core\"><strong>V\u00e4ltt\u00e4m\u00e4tt\u00f6m\u00e4t ev\u00e4steet<\/strong> \u2013 n\u00e4it\u00e4 tarvitaan verkkosivuston perustoimintoihin (esimerkiksi ajanvarauslomakkeiden ja suostumusasetusten muistamiseen). Ilman n\u00e4it\u00e4 sivusto ei toimisi oikein.<\/li>\n\n\n\n<li data-block-type=\"core\"><strong>Analytiikka\u2011 ja suorituskykyev\u00e4steet<\/strong> \u2013 n\u00e4m\u00e4 auttavat meit\u00e4 ymm\u00e4rt\u00e4m\u00e4\u00e4n, miten k\u00e4vij\u00e4t k\u00e4ytt\u00e4v\u00e4t sivua. K\u00e4yt\u00e4mme Google\u00a0Analytics\u00a04 \u2011palvelua k\u00e4vij\u00e4tilastojen ker\u00e4\u00e4miseen ja raportointiin. Ker\u00e4tty tieto on anonymisoitua eik\u00e4 sit\u00e4 voida yhdist\u00e4\u00e4 yksitt\u00e4iseen k\u00e4ytt\u00e4j\u00e4\u00e4n.<\/li>\n\n\n\n<li data-block-type=\"core\"><strong>Markkinointiev\u00e4steet<\/strong> \u2013 k\u00e4yt\u00e4mme Meta Pixel \u2011koodia sosiaalisen median mainonnan kohdentamiseen. N\u00e4m\u00e4 ev\u00e4steet seuraavat sivuston k\u00e4ytt\u00f6\u00e4 ja auttavat n\u00e4ytt\u00e4m\u00e4\u00e4n relevantimpia mainoksia esimerkiksi Facebookissa ja Instagramissa. K\u00e4yt\u00e4mme ev\u00e4steist\u00e4 saatavia tietoja vain palvelujemme markkinointiin.<\/li>\n\n\n\n<li data-block-type=\"core\"><strong>Toiminnalliset ev\u00e4steet<\/strong> \u2013 n\u00e4iden avulla voimme muistaa valintasi, kuten asiointikielen (suomi\/ven\u00e4j\u00e4) ja muuta sivuston mukauttamista, jotta k\u00e4ytt\u00f6kokemus olisi sujuva.<\/li>\n<\/ol>\n\n\n\n<h2 class=\"wp-block-heading\" id=\"miten-hallinnoit-evasteita\" data-block-type=\"core\">Miten hallinnoit ev\u00e4steit\u00e4<\/h2>\n\n\n\n<p>Voit hyv\u00e4ksy\u00e4 tai hyl\u00e4t\u00e4 markkinointi\u2011 ja analytiikkaev\u00e4steiden k\u00e4yt\u00f6n ev\u00e4stebannerin kautta, joka avautuu ensimm\u00e4isell\u00e4 sivustok\u00e4ynnill\u00e4si. V\u00e4ltt\u00e4m\u00e4tt\u00f6m\u00e4t ev\u00e4steet tallentuvat aina, jotta sivusto toimii asianmukaisesti.<\/p>\n\n\n\n<p>Voit my\u00f6s muuttaa ev\u00e4steasetuksia milloin tahansa selaimesi asetuksista. Useimmissa selaimissa voit:<\/p>\n\n\n\n<ul class=\"wp-block-list\" data-block-type=\"core\">\n<li data-block-type=\"core\">Poistaa olemassa olevat ev\u00e4steet laitteeltasi.<\/li>\n\n\n\n<li data-block-type=\"core\">Est\u00e4\u00e4 ev\u00e4steiden tallentumisen kokonaan.<\/li>\n\n\n\n<li data-block-type=\"core\">Sallia ev\u00e4steet vain tietyilt\u00e4 sivustoilta.<\/li>\n<\/ul>\n\n\n\n<p>Huomaa, ett\u00e4 ev\u00e4steiden est\u00e4minen kokonaan voi vaikuttaa sivuston toiminnallisuuksiin, kuten ajanvarauksen tekemiseen ja kirjautumisen sujuvuuteen.<\/p>\n\n\n\n<h2 class=\"wp-block-heading\" id=\"kolmansien-osapuolien-evasteet\" data-block-type=\"core\">Kolmansien osapuolien ev\u00e4steet<\/h2>\n\n\n\n<p>K\u00e4yt\u00e4mme kolmansien osapuolien ev\u00e4steit\u00e4 (Google, Meta\/Facebook) analytiikkaan ja markkinointiin. N\u00e4m\u00e4 palvelut voivat k\u00e4sitell\u00e4 tietoja EU:n\/ETA\u2011alueen ulkopuolella. Olemme valinneet palveluntarjoajat, jotka noudattavat tietosuojalains\u00e4\u00e4d\u00e4nt\u00f6\u00e4 ja tarjoavat riitt\u00e4v\u00e4n tietosuojan. N\u00e4iden palveluntarjoajien ev\u00e4steisiin sovelletaan niiden omia tietosuojak\u00e4yt\u00e4nt\u00f6j\u00e4:<\/p>\n\n\n\n<ul class=\"wp-block-list\" data-block-type=\"core\">\n<li data-block-type=\"core\"><strong>Google\u00a0Analytics\u00a04<\/strong>: <a>https:\/\/policies.google.com\/privacy<\/a><\/li>\n\n\n\n<li data-block-type=\"core\"><strong>Meta\u00a0Pixel<\/strong> (Facebook\/Instagram): <a href=\"https:\/\/www.facebook.com\/policies\/cookies\" target=\"_blank\" rel=\"noopener\">https:\/\/www.facebook.com\/policies\/cookies<\/a><\/li>\n<\/ul>\n\n\n\n<h2 class=\"wp-block-heading\" id=\"suostumus-evasteisiin-ja-muutokset\" data-block-type=\"core\">Suostumus ev\u00e4steisiin ja muutokset<\/h2>\n\n\n\n<p>Kun k\u00e4yt\u00e4t sivustoamme, hyv\u00e4ksyt ev\u00e4steiden tallentamisen selaimeesi. Voit kuitenkin muuttaa asetuksia yll\u00e4 kuvatulla tavalla. Jos p\u00e4ivit\u00e4mme ev\u00e4stek\u00e4yt\u00e4nt\u00f6\u00e4mme, julkaistaan muutokset t\u00e4ll\u00e4 sivulla. Kannattaa tarkistaa k\u00e4yt\u00e4nt\u00f6 s\u00e4\u00e4nn\u00f6llisesti pysy\u00e4ksesi ajan tasalla.<\/p>\n\n\n\n<p>Jos sinulla on kysytt\u00e4v\u00e4\u00e4 ev\u00e4steiden k\u00e4yt\u00f6st\u00e4 tai haluat lis\u00e4tietoa henkil\u00f6tietojen k\u00e4sittelyst\u00e4, voit ottaa yhteytt\u00e4 rekisterinpit\u00e4j\u00e4\u00e4n (kts. <strong>\u041f\u043e\u043b\u0438\u0442\u0438\u043a\u0430 \u043a\u043e\u043d\u0444\u0438\u0434\u0435\u043d\u0446\u0438\u0430\u043b\u044c\u043d\u043e\u0441\u0442\u0438<\/strong>).<\/p>","protected":false},"excerpt":{"rendered":"<p>T\u00e4ll\u00e4 sivulla kerromme, miten Hieronta ja manuaaliterapia&nbsp;\u2013 Koulutettu hieroja&nbsp;Nina&nbsp;Khotenova k\u00e4ytt\u00e4\u00e4 ev\u00e4steit\u00e4 (cookies) verkkosivustollaan https:\/\/aktiivinenelama.fi. Ev\u00e4steet ovat pieni\u00e4 tekstitiedostoja, jotka selain tallentaa p\u00e4\u00e4telaitteellesi, kun vierailet verkkosivustolla. Niiden avulla voimme tarjota toimivan ja turvallisen sivuston, parantaa k\u00e4ytt\u00f6kokemusta ja tuottaa tilastotietoa palvelun kehitt\u00e4miseksi. Miksi k\u00e4yt\u00e4mme ev\u00e4steit\u00e4? Miten hallinnoit ev\u00e4steit\u00e4 Voit hyv\u00e4ksy\u00e4 tai hyl\u00e4t\u00e4 markkinointi\u2011 ja analytiikkaev\u00e4steiden k\u00e4yt\u00f6n ev\u00e4stebannerin [&hellip;]<\/p>\n","protected":false},"author":1,"featured_media":0,"parent":0,"menu_order":0,"comment_status":"closed","ping_status":"closed","template":"","meta":{"_gspb_post_css":"","footnotes":""},"class_list":["post-3961","page","type-page","status-publish","hentry"],"blocksy_meta":[],"_links":{"self":[{"href":"https:\/\/aktiivinenelama.fi\/ru\/wp-json\/wp\/v2\/pages\/3961","targetHints":{"allow":["GET"]}}],"collection":[{"href":"https:\/\/aktiivinenelama.fi\/ru\/wp-json\/wp\/v2\/pages"}],"about":[{"href":"https:\/\/aktiivinenelama.fi\/ru\/wp-json\/wp\/v2\/types\/page"}],"author":[{"embeddable":true,"href":"https:\/\/aktiivinenelama.fi\/ru\/wp-json\/wp\/v2\/users\/1"}],"replies":[{"embeddable":true,"href":"https:\/\/aktiivinenelama.fi\/ru\/wp-json\/wp\/v2\/comments?post=3961"}],"version-history":[{"count":2,"href":"https:\/\/aktiivinenelama.fi\/ru\/wp-json\/wp\/v2\/pages\/3961\/revisions"}],"predecessor-version":[{"id":3984,"href":"https:\/\/aktiivinenelama.fi\/ru\/wp-json\/wp\/v2\/pages\/3961\/revisions\/3984"}],"wp:attachment":[{"href":"https:\/\/aktiivinenelama.fi\/ru\/wp-json\/wp\/v2\/media?parent=3961"}],"curies":[{"name":"wp","href":"https:\/\/api.w.org\/{rel}","templated":true}]}}